{"id":21971,"date":"2023-08-25T19:52:46","date_gmt":"2023-08-25T19:52:46","guid":{"rendered":"https:\/\/www.tgmdigital.com\/capacitacion\/courses\/"},"modified":"2025-01-14T07:16:53","modified_gmt":"2025-01-14T07:16:53","slug":"cursos","status":"publish","type":"page","link":"https:\/\/www.tgmdigital.com\/capacitacion\/cursos\/","title":{"rendered":"Cursos"},"content":{"rendered":"\t\t<div data-elementor-type=\"wp-page\" data-elementor-id=\"21971\" class=\"elementor elementor-21971\" data-elementor-post-type=\"page\">\n\t\t\t\t\t\t<section class=\"elementor-section elementor-top-section elementor-element elementor-element-3f20204 elementor-section-boxed elementor-section-height-default elementor-section-height-default sc_fly_static\" data-id=\"3f20204\" data-element_type=\"section\">\n\t\t\t\t\t\t<div class=\"elementor-container elementor-column-gap-extended\">\n\t\t\t\t\t<div class=\"elementor-column elementor-col-100 elementor-top-column elementor-element elementor-element-80e79ae sc_inner_width_none sc_content_align_inherit sc_layouts_column_icons_position_left sc_fly_static\" data-id=\"80e79ae\" data-element_type=\"column\">\n\t\t\t<div class=\"elementor-widget-wrap elementor-element-populated\">\n\t\t\t\t\t\t<div class=\"elementor-element elementor-element-fdeb3a5 sc_fly_static elementor-widget elementor-widget-etlms-course-list tutor-addon etlms-course-list\" data-id=\"fdeb3a5\" data-element_type=\"widget\" data-widget_type=\"etlms-course-list.default\">\n\t\t\t\t<div class=\"elementor-widget-container\">\n\t\t\t\t\t<div class=\"tutor-wrap tutor-courses-wrap tutor-container etlms-course-list-main-wrap\">\n\t\t\t\t\t<div class=\"etlms-course-list-loop-wrap tutor-course-list tutor-grid tutor-grid-2\">\n\t\t\t\t\t\t\t<div class=\"etlms-course-list-col\">\n\t\t\t\t\t<div class=\"tutor-card tutor-course-card tutor-loop-course-container etlms-course-card-classic   etlms-has-hover-animation\">\n            <div class=\"tutor-course-thumbnail\">\n        <a href=\"https:\/\/www.tgmdigital.com\/capacitacion\/courses\/modulo-1-introduccion-al-golf\/\" class=\"tutor-d-block\">\n            <div class=\"tutor-ratio tutor-ratio-16x9\">\n                <img decoding=\"async\" class=\"tutor-card-image-top\" src=\"https:\/\/www.tgmdigital.com\/capacitacion\/wp-content\/uploads\/2024\/06\/Cancha-8-min-768x507.jpg\" alt=\"M\u00f3dulo 1 &#8211; Introducci\u00f3n al golf\" loading=\"lazy\">\n            <\/div>\n        <\/a>\n    <\/div>\n<div class=\"tutor-course-bookmark\">\n    <span class=\"cart-required-login save-bookmark-btn tutor-iconic-btn tutor-iconic-btn-secondary\" data-course-id=\"22109\" role=\"button\">\n            <i class=\"tutor-icon-bookmark-line\"><\/i>\n        <\/span><\/div>\n\n    <div class=\"tutor-card-body\">\n        <h3 class=\"tutor-course-name tutor-fs-5 tutor-fw-medium tutor-mb-12\" title=\"M\u00f3dulo 1 &#8211; Introducci\u00f3n al golf\">\n    <a href=\"https:\/\/www.tgmdigital.com\/capacitacion\/courses\/modulo-1-introduccion-al-golf\/\">M\u00f3dulo 1 &#8211; Introducci\u00f3n al golf<\/a>\n<\/h3>\n<div class=\"tutor-meta tutor-mt-auto\">\n\t\t<div>\n\t\t<a href=\"https:\/\/www.tgmdigital.com\/capacitacion\/profile\/miguel_leeson?view=instructor\" class=\"tutor-d-flex\">\n\t\t\t<div class=\"tutor-avatar\"><div class=\"tutor-ratio tutor-ratio-1x1\"><span class=\"tutor-avatar-text\">LM<\/span><\/div><\/div>\t\t<\/a>\n\t<\/div>\n\t\n\t<div>\n\t\t\t\t<span class=\"etlms-course-author-meta tutor-meta-key\">By<\/span>\n\t\t<a class=\"etlms-course-author-meta tutor-meta-value\" href=\"https:\/\/www.tgmdigital.com\/capacitacion\/profile\/miguel_leeson?view=instructor\">Lic Miguel Leeson<\/a>\n\t\t\n\t\t\t<\/div>\n<\/div>\n    <\/div>\n\n    <div class=\"tutor-card-footer\">\n    <div class=\"tutor-course-list-btn\"><a href=\"https:\/\/www.tgmdigital.com\/capacitacion\/courses\/modulo-1-introduccion-al-golf\/\" class=\"tutor-btn tutor-btn-outline-primary tutor-btn-md tutor-btn-block tutor-open-login-modal\">Inscripci\u00f3n en el curso<\/a><\/div><\/div>\n<\/div>\t\t\t\t<\/div>\n\t\t\t\t\t\t\t<div class=\"etlms-course-list-col\">\n\t\t\t\t\t<div class=\"tutor-card tutor-course-card tutor-loop-course-container etlms-course-card-classic   etlms-has-hover-animation\">\n            <div class=\"tutor-course-thumbnail\">\n        <a href=\"https:\/\/www.tgmdigital.com\/capacitacion\/courses\/modulo-2-botanica-y-sistematica\/\" class=\"tutor-d-block\">\n            <div class=\"tutor-ratio tutor-ratio-16x9\">\n                <img decoding=\"async\" class=\"tutor-card-image-top\" src=\"https:\/\/www.tgmdigital.com\/capacitacion\/wp-content\/uploads\/2024\/06\/Cancha-1-min-1-768x512.jpg\" alt=\"M\u00f3dulo 2 &#8211; Bot\u00e1nica y sistem\u00e1tica\" loading=\"lazy\">\n            <\/div>\n        <\/a>\n    <\/div>\n<div class=\"tutor-course-bookmark\">\n    <span class=\"cart-required-login save-bookmark-btn tutor-iconic-btn tutor-iconic-btn-secondary\" data-course-id=\"22481\" role=\"button\">\n            <i class=\"tutor-icon-bookmark-line\"><\/i>\n        <\/span><\/div>\n\n    <div class=\"tutor-card-body\">\n        <h3 class=\"tutor-course-name tutor-fs-5 tutor-fw-medium tutor-mb-12\" title=\"M\u00f3dulo 2 &#8211; Bot\u00e1nica y sistem\u00e1tica\">\n    <a href=\"https:\/\/www.tgmdigital.com\/capacitacion\/courses\/modulo-2-botanica-y-sistematica\/\">M\u00f3dulo 2 &#8211; Bot\u00e1nica y sistem\u00e1tica<\/a>\n<\/h3>\n<div class=\"tutor-meta tutor-mt-auto\">\n\t\t<div>\n\t\t<a href=\"https:\/\/www.tgmdigital.com\/capacitacion\/profile\/elizabeth_guartal1?view=instructor\" class=\"tutor-d-flex\">\n\t\t\t<div class=\"tutor-avatar\"><div class=\"tutor-ratio tutor-ratio-1x1\"><span class=\"tutor-avatar-text\">DE<\/span><\/div><\/div>\t\t<\/a>\n\t<\/div>\n\t\n\t<div>\n\t\t\t\t<span class=\"etlms-course-author-meta tutor-meta-key\">By<\/span>\n\t\t<a class=\"etlms-course-author-meta tutor-meta-value\" href=\"https:\/\/www.tgmdigital.com\/capacitacion\/profile\/elizabeth_guartal1?view=instructor\">Dr. Elizabeth Guertal<\/a>\n\t\t\n\t\t\t<\/div>\n<\/div>\n    <\/div>\n\n    <div class=\"tutor-card-footer\">\n    <div class=\" tutor-d-flex tutor-align-center tutor-justify-between \"><div class=\"list-item-price tutor-d-flex tutor-align-center\"> <span class=\"price tutor-fs-6 tutor-fw-bold tutor-color-black\"><span class=\"woocommerce-Price-amount amount\"><bdi><span class=\"woocommerce-Price-currencySymbol\">$<\/span>90.00<\/bdi><\/span> <\/span><\/div><div class=\"list-item-button\"> \n\t<a href=\"\/capacitacion\/wp-json\/wp\/v2\/pages\/21971?add-to-cart=23009\" data-quantity=\"1\" class=\"tutor-btn tutor-btn-outline-primary tutor-btn-md tutor-btn-block tutor-nowrap-ellipsis  product_type_simple add_to_cart_button  tutor-open-login-modal\" data-product_id=\"23009\" data-product_sku=\"\" aria-label=\"Add to cart: &ldquo;M\u00f3dulo 2 - Bot\u00e1nica y sistem\u00e1tica&rdquo;\" rel=\"nofollow\"><span class=\"tutor-icon-cart-line tutor-mr-8\"><\/span><span class=\"cart-text\">A\u00f1adir al carrito<\/span><\/a> <\/div><\/div><\/div>\n<\/div>\t\t\t\t<\/div>\n\t\t\t\t\t\t\t<div class=\"etlms-course-list-col\">\n\t\t\t\t\t<div class=\"tutor-card tutor-course-card tutor-loop-course-container etlms-course-card-classic   etlms-has-hover-animation\">\n            <div class=\"tutor-course-thumbnail\">\n        <a href=\"https:\/\/www.tgmdigital.com\/capacitacion\/courses\/modulo-3-fisiologia\/\" class=\"tutor-d-block\">\n            <div class=\"tutor-ratio tutor-ratio-16x9\">\n                <img decoding=\"async\" class=\"tutor-card-image-top\" src=\"https:\/\/www.tgmdigital.com\/capacitacion\/wp-content\/uploads\/2024\/06\/Cancha-5-min-768x511.jpg\" alt=\"M\u00f3dulo 3 &#8211; Fisiolog\u00eda Parte 1\" loading=\"lazy\">\n            <\/div>\n        <\/a>\n    <\/div>\n<div class=\"tutor-course-bookmark\">\n    <span class=\"cart-required-login save-bookmark-btn tutor-iconic-btn tutor-iconic-btn-secondary\" data-course-id=\"22490\" role=\"button\">\n            <i class=\"tutor-icon-bookmark-line\"><\/i>\n        <\/span><\/div>\n\n    <div class=\"tutor-card-body\">\n        <h3 class=\"tutor-course-name tutor-fs-5 tutor-fw-medium tutor-mb-12\" title=\"M\u00f3dulo 3 &#8211; Fisiolog\u00eda Parte 1\">\n    <a href=\"https:\/\/www.tgmdigital.com\/capacitacion\/courses\/modulo-3-fisiologia\/\">M\u00f3dulo 3 &#8211; Fisiolog\u00eda Parte 1<\/a>\n<\/h3>\n<div class=\"tutor-meta tutor-mt-auto\">\n\t\t<div>\n\t\t<a href=\"https:\/\/www.tgmdigital.com\/capacitacion\/profile\/david_jespersen?view=instructor\" class=\"tutor-d-flex\">\n\t\t\t<div class=\"tutor-avatar\"><div class=\"tutor-ratio tutor-ratio-1x1\"><span class=\"tutor-avatar-text\">DD<\/span><\/div><\/div>\t\t<\/a>\n\t<\/div>\n\t\n\t<div>\n\t\t\t\t<span class=\"etlms-course-author-meta tutor-meta-key\">By<\/span>\n\t\t<a class=\"etlms-course-author-meta tutor-meta-value\" href=\"https:\/\/www.tgmdigital.com\/capacitacion\/profile\/david_jespersen?view=instructor\">Dr. David Jespersen<\/a>\n\t\t\n\t\t\t<\/div>\n<\/div>\n    <\/div>\n\n    <div class=\"tutor-card-footer\">\n    <div class=\" tutor-d-flex tutor-align-center tutor-justify-between \"><div class=\"list-item-price tutor-d-flex tutor-align-center\"> <span class=\"price tutor-fs-6 tutor-fw-bold tutor-color-black\"><span class=\"woocommerce-Price-amount amount\"><bdi><span class=\"woocommerce-Price-currencySymbol\">$<\/span>90.00<\/bdi><\/span> <\/span><\/div><div class=\"list-item-button\"> \n\t<a href=\"\/capacitacion\/wp-json\/wp\/v2\/pages\/21971?add-to-cart=23013\" data-quantity=\"1\" class=\"tutor-btn tutor-btn-outline-primary tutor-btn-md tutor-btn-block tutor-nowrap-ellipsis  product_type_simple add_to_cart_button  tutor-open-login-modal\" data-product_id=\"23013\" data-product_sku=\"\" aria-label=\"Add to cart: &ldquo;M\u00f3dulo 3 - Fisiolog\u00eda Parte 1&rdquo;\" rel=\"nofollow\"><span class=\"tutor-icon-cart-line tutor-mr-8\"><\/span><span class=\"cart-text\">A\u00f1adir al carrito<\/span><\/a> <\/div><\/div><\/div>\n<\/div>\t\t\t\t<\/div>\n\t\t\t\t\t\t\t<div class=\"etlms-course-list-col\">\n\t\t\t\t\t<div class=\"tutor-card tutor-course-card tutor-loop-course-container etlms-course-card-classic   etlms-has-hover-animation\">\n            <div class=\"tutor-course-thumbnail\">\n        <a href=\"https:\/\/www.tgmdigital.com\/capacitacion\/courses\/modulo-4-fisiologia-pt-2\/\" class=\"tutor-d-block\">\n            <div class=\"tutor-ratio tutor-ratio-16x9\">\n                <img decoding=\"async\" class=\"tutor-card-image-top\" src=\"https:\/\/www.tgmdigital.com\/capacitacion\/wp-content\/uploads\/2021\/09\/Cancha-8-min-768x507.jpg\" alt=\"M\u00f3dulo 4 &#8211; Fisiolog\u00eda Parte 2\" loading=\"lazy\">\n            <\/div>\n        <\/a>\n    <\/div>\n<div class=\"tutor-course-bookmark\">\n    <span class=\"cart-required-login save-bookmark-btn tutor-iconic-btn tutor-iconic-btn-secondary\" data-course-id=\"22498\" role=\"button\">\n            <i class=\"tutor-icon-bookmark-line\"><\/i>\n        <\/span><\/div>\n\n    <div class=\"tutor-card-body\">\n        <h3 class=\"tutor-course-name tutor-fs-5 tutor-fw-medium tutor-mb-12\" title=\"M\u00f3dulo 4 &#8211; Fisiolog\u00eda Parte 2\">\n    <a href=\"https:\/\/www.tgmdigital.com\/capacitacion\/courses\/modulo-4-fisiologia-pt-2\/\">M\u00f3dulo 4 &#8211; Fisiolog\u00eda Parte 2<\/a>\n<\/h3>\n<div class=\"tutor-meta tutor-mt-auto\">\n\t\t<div>\n\t\t<a href=\"https:\/\/www.tgmdigital.com\/capacitacion\/profile\/marco_schiavon?view=instructor\" class=\"tutor-d-flex\">\n\t\t\t<div class=\"tutor-avatar\"><div class=\"tutor-ratio tutor-ratio-1x1\"><span class=\"tutor-avatar-text\">DM<\/span><\/div><\/div>\t\t<\/a>\n\t<\/div>\n\t\n\t<div>\n\t\t\t\t<span class=\"etlms-course-author-meta tutor-meta-key\">By<\/span>\n\t\t<a class=\"etlms-course-author-meta tutor-meta-value\" href=\"https:\/\/www.tgmdigital.com\/capacitacion\/profile\/marco_schiavon?view=instructor\">Dr. Marco Schiavon<\/a>\n\t\t\n\t\t\t<\/div>\n<\/div>\n    <\/div>\n\n    <div class=\"tutor-card-footer\">\n    <div class=\" tutor-d-flex tutor-align-center tutor-justify-between \"><div class=\"list-item-price tutor-d-flex tutor-align-center\"> <span class=\"price tutor-fs-6 tutor-fw-bold tutor-color-black\"><span class=\"woocommerce-Price-amount amount\"><bdi><span class=\"woocommerce-Price-currencySymbol\">$<\/span>90.00<\/bdi><\/span> <\/span><\/div><div class=\"list-item-button\"> \n\t<a href=\"\/capacitacion\/wp-json\/wp\/v2\/pages\/21971?add-to-cart=23016\" data-quantity=\"1\" class=\"tutor-btn tutor-btn-outline-primary tutor-btn-md tutor-btn-block tutor-nowrap-ellipsis  product_type_simple add_to_cart_button  tutor-open-login-modal\" data-product_id=\"23016\" data-product_sku=\"\" aria-label=\"Add to cart: &ldquo;M\u00f3dulo 4 - Fisiolog\u00eda Parte 2&rdquo;\" rel=\"nofollow\"><span class=\"tutor-icon-cart-line tutor-mr-8\"><\/span><span class=\"cart-text\">A\u00f1adir al carrito<\/span><\/a> <\/div><\/div><\/div>\n<\/div>\t\t\t\t<\/div>\n\t\t\t\t\t\t\t<div class=\"etlms-course-list-col\">\n\t\t\t\t\t<div class=\"tutor-card tutor-course-card tutor-loop-course-container etlms-course-card-classic   etlms-has-hover-animation\">\n            <div class=\"tutor-course-thumbnail\">\n        <a href=\"https:\/\/www.tgmdigital.com\/capacitacion\/courses\/modulo-5-mantenimiento\/\" class=\"tutor-d-block\">\n            <div class=\"tutor-ratio tutor-ratio-16x9\">\n                <img decoding=\"async\" class=\"tutor-card-image-top\" src=\"https:\/\/www.tgmdigital.com\/capacitacion\/wp-content\/uploads\/2021\/09\/Cancha-7-min-768x512.jpg\" alt=\"M\u00f3dulo 5 &#8211; Mantenimiento Parte I\" loading=\"lazy\">\n            <\/div>\n        <\/a>\n    <\/div>\n<div class=\"tutor-course-bookmark\">\n    <span class=\"cart-required-login save-bookmark-btn tutor-iconic-btn tutor-iconic-btn-secondary\" data-course-id=\"22506\" role=\"button\">\n            <i class=\"tutor-icon-bookmark-line\"><\/i>\n        <\/span><\/div>\n\n    <div class=\"tutor-card-body\">\n        <h3 class=\"tutor-course-name tutor-fs-5 tutor-fw-medium tutor-mb-12\" title=\"M\u00f3dulo 5 &#8211; Mantenimiento Parte I\">\n    <a href=\"https:\/\/www.tgmdigital.com\/capacitacion\/courses\/modulo-5-mantenimiento\/\">M\u00f3dulo 5 &#8211; Mantenimiento Parte I<\/a>\n<\/h3>\n<div class=\"tutor-meta tutor-mt-auto\">\n\t\t<div>\n\t\t<a href=\"https:\/\/www.tgmdigital.com\/capacitacion\/profile\/ricardo_udaeta?view=instructor\" class=\"tutor-d-flex\">\n\t\t\t<div class=\"tutor-avatar\"><div class=\"tutor-ratio tutor-ratio-1x1\"><span class=\"tutor-avatar-text\">IA<\/span><\/div><\/div>\t\t<\/a>\n\t<\/div>\n\t\n\t<div>\n\t\t\t\t<span class=\"etlms-course-author-meta tutor-meta-key\">By<\/span>\n\t\t<a class=\"etlms-course-author-meta tutor-meta-value\" href=\"https:\/\/www.tgmdigital.com\/capacitacion\/profile\/ricardo_udaeta?view=instructor\">Ing. Agr. Ricardo de Udaeta<\/a>\n\t\t\n\t\t\t<\/div>\n<\/div>\n    <\/div>\n\n    <div class=\"tutor-card-footer\">\n    <div class=\" tutor-d-flex tutor-align-center tutor-justify-between \"><div class=\"list-item-price tutor-d-flex tutor-align-center\"> <span class=\"price tutor-fs-6 tutor-fw-bold tutor-color-black\"><span class=\"woocommerce-Price-amount amount\"><bdi><span class=\"woocommerce-Price-currencySymbol\">$<\/span>90.00<\/bdi><\/span> <\/span><\/div><div class=\"list-item-button\"> \n\t<a href=\"\/capacitacion\/wp-json\/wp\/v2\/pages\/21971?add-to-cart=23040\" data-quantity=\"1\" class=\"tutor-btn tutor-btn-outline-primary tutor-btn-md tutor-btn-block tutor-nowrap-ellipsis  product_type_simple add_to_cart_button  tutor-open-login-modal\" data-product_id=\"23040\" data-product_sku=\"\" aria-label=\"Add to cart: &ldquo;M\u00f3dulo 5 - Mantenimiento Parte I&rdquo;\" rel=\"nofollow\"><span class=\"tutor-icon-cart-line tutor-mr-8\"><\/span><span class=\"cart-text\">A\u00f1adir al carrito<\/span><\/a> <\/div><\/div><\/div>\n<\/div>\t\t\t\t<\/div>\n\t\t\t\t\t\t\t<div class=\"etlms-course-list-col\">\n\t\t\t\t\t<div class=\"tutor-card tutor-course-card tutor-loop-course-container etlms-course-card-classic   etlms-has-hover-animation\">\n            <div class=\"tutor-course-thumbnail\">\n        <a href=\"https:\/\/www.tgmdigital.com\/capacitacion\/courses\/modulo-6-mantenimiento-2\/\" class=\"tutor-d-block\">\n            <div class=\"tutor-ratio tutor-ratio-16x9\">\n                <img decoding=\"async\" class=\"tutor-card-image-top\" src=\"https:\/\/www.tgmdigital.com\/capacitacion\/wp-content\/uploads\/2023\/11\/DSC01979-768x576.jpg\" alt=\"M\u00f3dulo 6 &#8211; Mantenimiento Parte 2\" loading=\"lazy\">\n            <\/div>\n        <\/a>\n    <\/div>\n<div class=\"tutor-course-bookmark\">\n    <span class=\"cart-required-login save-bookmark-btn tutor-iconic-btn tutor-iconic-btn-secondary\" data-course-id=\"22513\" role=\"button\">\n            <i class=\"tutor-icon-bookmark-line\"><\/i>\n        <\/span><\/div>\n\n    <div class=\"tutor-card-body\">\n        <h3 class=\"tutor-course-name tutor-fs-5 tutor-fw-medium tutor-mb-12\" title=\"M\u00f3dulo 6 &#8211; Mantenimiento Parte 2\">\n    <a href=\"https:\/\/www.tgmdigital.com\/capacitacion\/courses\/modulo-6-mantenimiento-2\/\">M\u00f3dulo 6 &#8211; Mantenimiento Parte 2<\/a>\n<\/h3>\n<div class=\"tutor-meta tutor-mt-auto\">\n\t\t<div>\n\t\t<a href=\"https:\/\/www.tgmdigital.com\/capacitacion\/profile\/ricardo_udaeta?view=instructor\" class=\"tutor-d-flex\">\n\t\t\t<div class=\"tutor-avatar\"><div class=\"tutor-ratio tutor-ratio-1x1\"><span class=\"tutor-avatar-text\">IA<\/span><\/div><\/div>\t\t<\/a>\n\t<\/div>\n\t\n\t<div>\n\t\t\t\t<span class=\"etlms-course-author-meta tutor-meta-key\">By<\/span>\n\t\t<a class=\"etlms-course-author-meta tutor-meta-value\" href=\"https:\/\/www.tgmdigital.com\/capacitacion\/profile\/ricardo_udaeta?view=instructor\">Ing. Agr. Ricardo de Udaeta<\/a>\n\t\t\n\t\t\t<\/div>\n<\/div>\n    <\/div>\n\n    <div class=\"tutor-card-footer\">\n    <div class=\" tutor-d-flex tutor-align-center tutor-justify-between \"><div class=\"list-item-price tutor-d-flex tutor-align-center\"> <span class=\"price tutor-fs-6 tutor-fw-bold tutor-color-black\"><span class=\"woocommerce-Price-amount amount\"><bdi><span class=\"woocommerce-Price-currencySymbol\">$<\/span>90.00<\/bdi><\/span> <\/span><\/div><div class=\"list-item-button\"> \n\t<a href=\"\/capacitacion\/wp-json\/wp\/v2\/pages\/21971?add-to-cart=23041\" data-quantity=\"1\" class=\"tutor-btn tutor-btn-outline-primary tutor-btn-md tutor-btn-block tutor-nowrap-ellipsis  product_type_simple add_to_cart_button  tutor-open-login-modal\" data-product_id=\"23041\" data-product_sku=\"\" aria-label=\"Add to cart: &ldquo;M\u00f3dulo 6 - Mantenimiento Parte 2&rdquo;\" rel=\"nofollow\"><span class=\"tutor-icon-cart-line tutor-mr-8\"><\/span><span class=\"cart-text\">A\u00f1adir al carrito<\/span><\/a> <\/div><\/div><\/div>\n<\/div>\t\t\t\t<\/div>\n\t\t\t\t\t<\/div>\n\n\t\t\t\t\t\t\t<div class=\"etlms-course-list-pagination-wrap tutor-mt-32\">\n\t\t\t<div class=\"etlms-pagination prev-next\">\n\t\t\t\t\n\t\t\t\t\t\t\t\t\t\t\t\t\t\t\t\t\t\t\t\t\t\t\t\t<span class=\"page-numbers\">\n\t\t\t\t\t\t\t\t&laquo; Anterior\t\t\t\t\t\t\t<\/span>\n\t\t\t\t\t\t\n\t\t\t\t\t\t\t\t\t\t\t\t\t<a class=\"page-numbers\" href=\"\/capacitacion\/wp-json\/wp\/v2\/pages\/21971?current_page=2\">\n\t\t\t\t\t\t\t\tSiguiente &raquo;\t\t\t\t\t\t\t<\/a>\n\t\t\t\t\t\t\n\t\t\t\t\t\n\t\t\t\t\t\t<\/div>\n\t\t\t\t<\/div>\n<div class=\"tutor-modal tutor-login-modal\">\n\t<div class=\"tutor-modal-overlay\"><\/div>\n\t<div class=\"tutor-modal-window tutor-modal-window-sm\">\n\t\t<div class=\"tutor-modal-content tutor-modal-content-white\">\n\t\t\t<button class=\"tutor-iconic-btn tutor-modal-close-o\" data-tutor-modal-close>\n\t\t\t\t<span class=\"tutor-icon-times\" area-hidden=\"true\"><\/span>\n\t\t\t<\/button>\n\n\t\t\t<div class=\"tutor-modal-body\">\n\t\t\t\t<div class=\"tutor-py-48\">\n\t\t\t\t\t\t\t\t\t\t<div class=\"tutor-fs-4 tutor-fw-medium tutor-color-black tutor-mb-32\">\u00a1Hola, bienvenido de nuevo!<\/div>\n\t\t\t\t\t<form id=\"tutor-login-form\" method=\"post\">\n\t\t<input type=\"hidden\" id=\"_tutor_nonce\" name=\"_tutor_nonce\" value=\"58f87af447\" \/><input type=\"hidden\" name=\"_wp_http_referer\" value=\"\/capacitacion\/wp-json\/wp\/v2\/pages\/21971\" \/>\t<input type=\"hidden\" name=\"tutor_action\" value=\"tutor_user_login\" \/>\n\t<input type=\"hidden\" name=\"redirect_to\" value=\"https:\/\/www.tgmdigital.com\/capacitacion\/wp-json\/wp\/v2\/pages\/21971\" \/>\n\n\t<div class=\"tutor-mb-20\">\n\t\t<input type=\"text\" class=\"tutor-form-control\" placeholder=\"Nombre de usuario o correo electr\u00f3nico\" name=\"log\" value=\"\" size=\"20\" required\/>\n\t<\/div>\n\n\t<div class=\"tutor-mb-32\">\n\t\t<input type=\"password\" class=\"tutor-form-control\" placeholder=\"Contrase\u00f1a\" name=\"pwd\" value=\"\" size=\"20\" required\/>\n\t<\/div>\n\n\t<div class=\"tutor-login-error\"><\/div>\n\t\t<div class=\"tutor-d-flex tutor-justify-between tutor-align-center tutor-mb-40\">\n\t\t<div class=\"tutor-form-check\">\n\t\t\t<input id=\"tutor-login-agmnt-1\" type=\"checkbox\" class=\"tutor-form-check-input tutor-bg-black-40\" name=\"rememberme\" value=\"forever\" \/>\n\t\t\t<label for=\"tutor-login-agmnt-1\" class=\"tutor-fs-7 tutor-color-muted\">\n\t\t\t\tMantenerme conectado\t\t\t<\/label>\n\t\t<\/div>\n\t\t<a href=\"https:\/\/www.tgmdigital.com\/capacitacion\/dashboard\/retrieve-password\" class=\"tutor-btn tutor-btn-ghost\">\n\t\t\t\u00bfContrase\u00f1a olvidada?\t\t<\/a>\n\t<\/div>\n\n\t\t<button type=\"submit\" class=\"tutor-btn tutor-btn-primary tutor-btn-block\">\n\t\tAcceder\t<\/button>\n\t\n\t\t\t\t\t<div class=\"tutor-text-center tutor-fs-6 tutor-color-secondary tutor-mt-20\">\n\t\t\t\u00bfNo tienes una cuenta?&nbsp;\n\t\t\t<a href=\"https:\/\/www.tgmdigital.com\/capacitacion\/student-registration\/?redirect_to=https:\/\/www.tgmdigital.com\/capacitacion\/wp-json\/wp\/v2\/pages\/21971\" class=\"tutor-btn tutor-btn-link\">\n\t\t\t\tReg\u00edstrate ahora\t\t\t<\/a>\n\t\t<\/div>\n\t\t<\/form>\n<script>\n\tdocument.addEventListener('DOMContentLoaded', function() {\n\t\tvar { __ } = wp.i18n;\n\t\tvar loginModal = document.querySelector('.tutor-modal.tutor-login-modal');\n\t\tvar errors = [];\n\t\tif (loginModal && errors.length) {\n\t\t\tloginModal.classList.add('tutor-is-active');\n\t\t}\n\t});\n<\/script>\n\n\t\t\t\t\t\t\t\t\t<\/div>\n\t\t\t\t\t\t\t<\/div>\n\t\t<\/div>\n\t<\/div>\n<\/div>\n\t\t\t\t<\/div>\n\t\t\t\t<\/div>\n\t\t\t\t\t<\/div>\n\t\t<\/div>\n\t\t\t\t\t<\/div>\n\t\t<\/section>\n\t\t\t\t<\/div>\n\t\t","protected":false},"excerpt":{"rendered":"<p>M\u00f3dulo 1 &#8211; Introducci\u00f3n al golf LM By Lic Miguel Leeson Continuar aprendiendo M\u00f3dulo 2 &#8211; Bot\u00e1nica y sistem\u00e1tica DE By Dra. Elizabeth Guertal Continuar aprendiendo M\u00f3dulo 3 &#8211; Fisiolog\u00eda&hellip;<\/p>\n","protected":false},"author":1,"featured_media":0,"parent":0,"menu_order":0,"comment_status":"closed","ping_status":"closed","template":"","meta":{"footnotes":""},"class_list":["post-21971","page","type-page","status-publish","hentry"],"_links":{"self":[{"href":"https:\/\/www.tgmdigital.com\/capacitacion\/wp-json\/wp\/v2\/pages\/21971","targetHints":{"allow":["GET"]}}],"collection":[{"href":"https:\/\/www.tgmdigital.com\/capacitacion\/wp-json\/wp\/v2\/pages"}],"about":[{"href":"https:\/\/www.tgmdigital.com\/capacitacion\/wp-json\/wp\/v2\/types\/page"}],"author":[{"embeddable":true,"href":"https:\/\/www.tgmdigital.com\/capacitacion\/wp-json\/wp\/v2\/users\/1"}],"replies":[{"embeddable":true,"href":"https:\/\/www.tgmdigital.com\/capacitacion\/wp-json\/wp\/v2\/comments?post=21971"}],"version-history":[{"count":22,"href":"https:\/\/www.tgmdigital.com\/capacitacion\/wp-json\/wp\/v2\/pages\/21971\/revisions"}],"predecessor-version":[{"id":23699,"href":"https:\/\/www.tgmdigital.com\/capacitacion\/wp-json\/wp\/v2\/pages\/21971\/revisions\/23699"}],"wp:attachment":[{"href":"https:\/\/www.tgmdigital.com\/capacitacion\/wp-json\/wp\/v2\/media?parent=21971"}],"curies":[{"name":"wp","href":"https:\/\/api.w.org\/{rel}","templated":true}]}}